{"id":813,"date":"2023-08-12T10:02:26","date_gmt":"2023-08-12T08:02:26","guid":{"rendered":"https:\/\/newlegend.be\/?page_id=813"},"modified":"2024-09-02T18:30:47","modified_gmt":"2024-09-02T16:30:47","slug":"le-cours-debutant-2022-2023","status":"publish","type":"page","link":"https:\/\/newlegend.be\/?page_id=813","title":{"rendered":"Le cours d\u00e9butant 2022\/2023"},"content":{"rendered":"<div class=\"acpwd-container\" id=\"acpwd-813\">\n<p class=\"acpwd-info-message\">Ce contenu est prot\u00e9g\u00e9, veuillez indiquer le mot de passe ci-dessous pour y acc\u00e9der.<\/p>\n<form class=\"acpwd-form\" action=\"\/index.php?rest_route=%2Fwp%2Fv2%2Fpages%2F813#acpwd-813\" method=\"post\">\n\t<input class=\"acpwd-pass\" type=\"password\" name=\"acpwd-pass\" placeholder=\"\"><input class=\"acpwd-submit\" type=\"submit\" value=\"Acc\u00e9der\"><br \/>\n<\/form>\n<\/div>\n","protected":false},"excerpt":{"rendered":"<div class=\"acpwd-container\" id=\"acpwd-813\">\n<p class=\"acpwd-info-message\">Ce contenu est prot\u00e9g\u00e9, veuillez indiquer le mot de passe ci-dessous pour y acc\u00e9der.<\/p>\n<form class=\"acpwd-form\" action=\"\/index.php?rest_route=%2Fwp%2Fv2%2Fpages%2F813#acpwd-813\" method=\"post\">\n\t<input class=\"acpwd-pass\" type=\"password\" name=\"acpwd-pass\" placeholder=\"\"><input class=\"acpwd-submit\" type=\"submit\" value=\"Acc\u00e9der\"><br \/>\n<\/form>\n<\/div>\n","protected":false},"author":1,"featured_media":0,"parent":488,"menu_order":178,"comment_status":"closed","ping_status":"closed","template":"","meta":{"footnotes":""},"categories":[3],"tags":[],"class_list":["post-813","page","type-page","status-publish","category-mbr"],"_links":{"self":[{"href":"https:\/\/newlegend.be\/index.php?rest_route=\/wp\/v2\/pages\/813","targetHints":{"allow":["GET"]}}],"collection":[{"href":"https:\/\/newlegend.be\/index.php?rest_route=\/wp\/v2\/pages"}],"about":[{"href":"https:\/\/newlegend.be\/index.php?rest_route=\/wp\/v2\/types\/page"}],"author":[{"embeddable":true,"href":"https:\/\/newlegend.be\/index.php?rest_route=\/wp\/v2\/users\/1"}],"replies":[{"embeddable":true,"href":"https:\/\/newlegend.be\/index.php?rest_route=%2Fwp%2Fv2%2Fcomments&post=813"}],"version-history":[{"count":2,"href":"https:\/\/newlegend.be\/index.php?rest_route=\/wp\/v2\/pages\/813\/revisions"}],"predecessor-version":[{"id":1164,"href":"https:\/\/newlegend.be\/index.php?rest_route=\/wp\/v2\/pages\/813\/revisions\/1164"}],"up":[{"embeddable":true,"href":"https:\/\/newlegend.be\/index.php?rest_route=\/wp\/v2\/pages\/488"}],"wp:attachment":[{"href":"https:\/\/newlegend.be\/index.php?rest_route=%2Fwp%2Fv2%2Fmedia&parent=813"}],"wp:term":[{"taxonomy":"category","embeddable":true,"href":"https:\/\/newlegend.be\/index.php?rest_route=%2Fwp%2Fv2%2Fcategories&post=813"},{"taxonomy":"post_tag","embeddable":true,"href":"https:\/\/newlegend.be\/index.php?rest_route=%2Fwp%2Fv2%2Ftags&post=813"}],"curies":[{"name":"wp","href":"https:\/\/api.w.org\/{rel}","templated":true}]}}