{"id":801,"date":"2023-08-12T09:46:43","date_gmt":"2023-08-12T07:46:43","guid":{"rendered":"https:\/\/newlegend.be\/?page_id=801"},"modified":"2024-09-02T18:51:03","modified_gmt":"2024-09-02T16:51:03","slug":"cours-country-intermediaires-et-confirmes-2022-2023","status":"publish","type":"page","link":"https:\/\/newlegend.be\/?page_id=801","title":{"rendered":"Cours Country interm\u00e9diaires et confirm\u00e9s 2022\/2023"},"content":{"rendered":"<div class=\"acpwd-container\" id=\"acpwd-801\">\n<p class=\"acpwd-info-message\">Ce contenu est prot\u00e9g\u00e9, veuillez indiquer le mot de passe ci-dessous pour y acc\u00e9der.<\/p>\n<form class=\"acpwd-form\" action=\"\/index.php?rest_route=%2Fwp%2Fv2%2Fpages%2F801#acpwd-801\" method=\"post\">\n\t<input class=\"acpwd-pass\" type=\"password\" name=\"acpwd-pass\" placeholder=\"\"><input class=\"acpwd-submit\" type=\"submit\" value=\"Acc\u00e9der\"><br \/>\n<\/form>\n<\/div>\n","protected":false},"excerpt":{"rendered":"<div class=\"acpwd-container\" id=\"acpwd-801\">\n<p class=\"acpwd-info-message\">Ce contenu est prot\u00e9g\u00e9, veuillez indiquer le mot de passe ci-dessous pour y acc\u00e9der.<\/p>\n<form class=\"acpwd-form\" action=\"\/index.php?rest_route=%2Fwp%2Fv2%2Fpages%2F801#acpwd-801\" method=\"post\">\n\t<input class=\"acpwd-pass\" type=\"password\" name=\"acpwd-pass\" placeholder=\"\"><input class=\"acpwd-submit\" type=\"submit\" value=\"Acc\u00e9der\"><br \/>\n<\/form>\n<\/div>\n","protected":false},"author":1,"featured_media":0,"parent":488,"menu_order":478,"comment_status":"closed","ping_status":"closed","template":"","meta":{"footnotes":""},"categories":[3],"tags":[],"class_list":["post-801","page","type-page","status-publish","category-mbr"],"_links":{"self":[{"href":"https:\/\/newlegend.be\/index.php?rest_route=\/wp\/v2\/pages\/801","targetHints":{"allow":["GET"]}}],"collection":[{"href":"https:\/\/newlegend.be\/index.php?rest_route=\/wp\/v2\/pages"}],"about":[{"href":"https:\/\/newlegend.be\/index.php?rest_route=\/wp\/v2\/types\/page"}],"author":[{"embeddable":true,"href":"https:\/\/newlegend.be\/index.php?rest_route=\/wp\/v2\/users\/1"}],"replies":[{"embeddable":true,"href":"https:\/\/newlegend.be\/index.php?rest_route=%2Fwp%2Fv2%2Fcomments&post=801"}],"version-history":[{"count":2,"href":"https:\/\/newlegend.be\/index.php?rest_route=\/wp\/v2\/pages\/801\/revisions"}],"predecessor-version":[{"id":1179,"href":"https:\/\/newlegend.be\/index.php?rest_route=\/wp\/v2\/pages\/801\/revisions\/1179"}],"up":[{"embeddable":true,"href":"https:\/\/newlegend.be\/index.php?rest_route=\/wp\/v2\/pages\/488"}],"wp:attachment":[{"href":"https:\/\/newlegend.be\/index.php?rest_route=%2Fwp%2Fv2%2Fmedia&parent=801"}],"wp:term":[{"taxonomy":"category","embeddable":true,"href":"https:\/\/newlegend.be\/index.php?rest_route=%2Fwp%2Fv2%2Fcategories&post=801"},{"taxonomy":"post_tag","embeddable":true,"href":"https:\/\/newlegend.be\/index.php?rest_route=%2Fwp%2Fv2%2Ftags&post=801"}],"curies":[{"name":"wp","href":"https:\/\/api.w.org\/{rel}","templated":true}]}}